{"id":9528,"date":"2024-11-15T18:47:10","date_gmt":"2024-11-15T17:47:10","guid":{"rendered":"https:\/\/www.cantinaveraorvieto.it\/?page_id=9528"},"modified":"2024-12-04T14:54:23","modified_gmt":"2024-12-04T13:54:23","slug":"gift-card","status":"publish","type":"page","link":"https:\/\/www.cantinaveraorvieto.it\/en\/gift-card\/","title":{"rendered":"Gift Card"},"content":{"rendered":"\t\t<div data-elementor-type=\"wp-page\" data-elementor-id=\"9528\" class=\"elementor elementor-9528 elementor-9527\">\n\t\t\t\t\t\t\t\t\t<section class=\"elementor-section elementor-top-section elementor-element elementor-element-550c306 elementor-section-full_width elementor-section-height-default elementor-section-height-default\" data-id=\"550c306\" data-element_type=\"section\">\n\t\t\t\t\t\t<div class=\"elementor-container elementor-column-gap-no\">\n\t\t\t\t\t<div class=\"elementor-column elementor-col-100 elementor-top-column elementor-element elementor-element-77d1bef\" data-id=\"77d1bef\" data-element_type=\"column\">\n\t\t\t<div class=\"elementor-widget-wrap\">\n\t\t\t\t\t\t\t\t\t<\/div>\n\t\t<\/div>\n\t\t\t\t\t\t\t<\/div>\n\t\t<\/section>\n\t\t\t\t<section class=\"elementor-section elementor-top-section elementor-element elementor-element-788409a elementor-section-boxed elementor-section-height-default elementor-section-height-default\" data-id=\"788409a\" data-element_type=\"section\">\n\t\t\t\t\t\t<div class=\"elementor-container elementor-column-gap-default\">\n\t\t\t\t\t<div class=\"elementor-column elementor-col-100 elementor-top-column elementor-element elementor-element-66cdcae\" data-id=\"66cdcae\" data-element_type=\"column\">\n\t\t\t<div class=\"elementor-widget-wrap elementor-element-populated\">\n\t\t\t\t\t\t\t\t<div class=\"elementor-element elementor-element-db70838 elementor-widget elementor-widget-heading\" data-id=\"db70838\" data-element_type=\"widget\" data-widget_type=\"heading.default\">\n\t\t\t\t<div class=\"elementor-widget-container\">\n\t\t\t<style>\/*! elementor - v3.17.0 - 08-11-2023 *\/\n.elementor-heading-title{padding:0;margin:0;line-height:1}.elementor-widget-heading .elementor-heading-title[class*=elementor-size-]>a{color:inherit;font-size:inherit;line-height:inherit}.elementor-widget-heading .elementor-heading-title.elementor-size-small{font-size:15px}.elementor-widget-heading .elementor-heading-title.elementor-size-medium{font-size:19px}.elementor-widget-heading .elementor-heading-title.elementor-size-large{font-size:29px}.elementor-widget-heading .elementor-heading-title.elementor-size-xl{font-size:39px}.elementor-widget-heading .elementor-heading-title.elementor-size-xxl{font-size:59px}<\/style><h2 class=\"elementor-heading-title elementor-size-default\">Give a gift of \u2018Taste<\/h2>\t\t<\/div>\n\t\t\t\t<\/div>\n\t\t\t\t<div class=\"elementor-element elementor-element-4d4bc1e elementor-widget__width-initial elementor-widget elementor-widget-heading\" data-id=\"4d4bc1e\" data-element_type=\"widget\" data-widget_type=\"heading.default\">\n\t\t\t\t<div class=\"elementor-widget-container\">\n\t\t\t<h4 class=\"elementor-heading-title elementor-size-default\">Surprise your loved ones by treating them to a food and wine experience, dinner or tasting. <br>Fill in the form and together we will create the package that best suits your needs!<\/h4>\t\t<\/div>\n\t\t\t\t<\/div>\n\t\t\t\t\t<\/div>\n\t\t<\/div>\n\t\t\t\t\t\t\t<\/div>\n\t\t<\/section>\n\t\t\t\t<section class=\"elementor-section elementor-top-section elementor-element elementor-element-7a5d490 elementor-section-boxed elementor-section-height-default elementor-section-height-default\" data-id=\"7a5d490\" data-element_type=\"section\">\n\t\t\t\t\t\t<div class=\"elementor-container elementor-column-gap-default\">\n\t\t\t\t\t<div class=\"elementor-column elementor-col-50 elementor-top-column elementor-element elementor-element-5e7536c\" data-id=\"5e7536c\" data-element_type=\"column\" data-settings=\"{&quot;background_background&quot;:&quot;classic&quot;}\">\n\t\t\t<div class=\"elementor-widget-wrap elementor-element-populated\">\n\t\t\t\t\t\t\t\t<div class=\"elementor-element elementor-element-644ed68 elementor-widget elementor-widget-image\" data-id=\"644ed68\" data-element_type=\"widget\" data-widget_type=\"image.default\">\n\t\t\t\t<div class=\"elementor-widget-container\">\n\t\t\t<style>\/*! elementor - v3.17.0 - 08-11-2023 *\/\n.elementor-widget-image{text-align:center}.elementor-widget-image a{display:inline-block}.elementor-widget-image a img[src$=\".svg\"]{width:48px}.elementor-widget-image img{vertical-align:middle;display:inline-block}<\/style>\t\t\t\t\t\t\t\t\t\t\t\t<img decoding=\"async\" width=\"600\" height=\"800\" src=\"https:\/\/www.cantinaveraorvieto.it\/wp-content\/uploads\/2024\/12\/cantina.png\" class=\"attachment-full size-full wp-image-10008\" alt=\"\" srcset=\"https:\/\/www.cantinaveraorvieto.it\/wp-content\/uploads\/2024\/12\/cantina.png 600w, https:\/\/www.cantinaveraorvieto.it\/wp-content\/uploads\/2024\/12\/cantina-225x300.png 225w\" sizes=\"(max-width: 600px) 100vw, 600px\" \/>\t\t\t\t\t\t\t\t\t\t\t\t\t\t\t<\/div>\n\t\t\t\t<\/div>\n\t\t\t\t\t<\/div>\n\t\t<\/div>\n\t\t\t\t<div class=\"elementor-column elementor-col-50 elementor-top-column elementor-element elementor-element-94d7495\" data-id=\"94d7495\" data-element_type=\"column\" data-settings=\"{&quot;background_background&quot;:&quot;classic&quot;}\">\n\t\t\t<div class=\"elementor-widget-wrap elementor-element-populated\">\n\t\t\t\t\t\t\t\t<div class=\"elementor-element elementor-element-896decf elementor-widget elementor-widget-heading\" data-id=\"896decf\" data-element_type=\"widget\" data-widget_type=\"heading.default\">\n\t\t\t\t<div class=\"elementor-widget-container\">\n\t\t\t<h3 class=\"elementor-heading-title elementor-size-default\">GIFT CARD<\/h3>\t\t<\/div>\n\t\t\t\t<\/div>\n\t\t\t\t<div class=\"elementor-element elementor-element-f62c7dd contatti elementor-widget elementor-widget-shortcode\" data-id=\"f62c7dd\" data-element_type=\"widget\" data-widget_type=\"shortcode.default\">\n\t\t\t\t<div class=\"elementor-widget-container\">\n\t\t\t\t\t<div class=\"elementor-shortcode\">\n<div class=\"wpcf7 no-js\" id=\"wpcf7-f9593-o1\" lang=\"en-US\" dir=\"ltr\">\n<div class=\"screen-reader-response\"><p role=\"status\" aria-live=\"polite\" aria-atomic=\"true\"><\/p> <ul><\/ul><\/div>\n<form action=\"\/en\/wp-json\/wp\/v2\/pages\/9528#wpcf7-f9593-o1\" method=\"post\" class=\"wpcf7-form init\" aria-label=\"Contact form\" novalidate=\"novalidate\" data-status=\"init\">\n<div style=\"display: none;\">\n<input type=\"hidden\" name=\"_wpcf7\" value=\"9593\" \/>\n<input type=\"hidden\" name=\"_wpcf7_version\" value=\"5.8.3\" \/>\n<input type=\"hidden\" name=\"_wpcf7_locale\" value=\"en_US\" \/>\n<input type=\"hidden\" name=\"_wpcf7_unit_tag\" value=\"wpcf7-f9593-o1\" \/>\n<input type=\"hidden\" name=\"_wpcf7_container_post\" value=\"0\" \/>\n<input type=\"hidden\" name=\"_wpcf7_posted_data_hash\" value=\"\" \/>\n<input type=\"hidden\" name=\"_wpcf7_recaptcha_response\" value=\"\" \/>\n<\/div>\n<div class=\"row\">\n\t<div class=\"col-md-12 form-group\">\n\t\t<p><label> CHOOSE THE GIFT CARD YOU WANT TO GIVE<br \/>\n<span class=\"wpcf7-form-control-wrap\" data-name=\"menu-238\"><select class=\"wpcf7-form-control wpcf7-select wpcf7-validates-as-required\" aria-required=\"true\" aria-invalid=\"false\" name=\"menu-238\"><option value=\"\">Choose<\/option><option value=\"APERITIF BISTRO X 2 euro 35\">APERITIF BISTRO X 2 euro 35<\/option><option value=\"TASTE MENU X 2 euro 100\">TASTE MENU X 2 euro 100<\/option><option value=\"GIFT EURO 25\">GIFT EURO 25<\/option><option value=\"GIFT EURO 50\">GIFT EURO 50<\/option><option value=\"GIFT EURO 70\">GIFT EURO 70<\/option><option value=\"GIFT EURO 100\">GIFT EURO 100<\/option><\/select><\/span> <\/label>\n\t\t<\/p>\n\t<\/div>\n\t<p><label><br \/>\nPROVIDE YOUR INFORMATION AND WE WILL SEND YOU AN EMAIL WITH ALL THE DETAILS<br \/>\n<\/label>\n\t<\/p>\n\t<div class=\"col-md-6 form-group\">\n\t\t<p><label>NAME*<br \/>\n<span class=\"wpcf7-form-control-wrap\" data-name=\"your-name-50\"><input size=\"40\" class=\"wpcf7-form-control wpcf7-text wpcf7-validates-as-required\" aria-required=\"true\" aria-invalid=\"false\" value=\"\" type=\"text\" name=\"your-name-50\" \/><\/span> <\/label>\n\t\t<\/p>\n\t<\/div>\n\t<div class=\"col-md-6 form-group\">\n\t\t<p><label>SURNAME*<br \/>\n<span class=\"wpcf7-form-control-wrap\" data-name=\"your-name-70\"><input size=\"40\" class=\"wpcf7-form-control wpcf7-text wpcf7-validates-as-required\" aria-required=\"true\" aria-invalid=\"false\" value=\"\" type=\"text\" name=\"your-name-70\" \/><\/span> <\/label>\n\t\t<\/p>\n\t<\/div>\n\t<div class=\"col-md-6 form-group\">\n\t\t<p><label>TELEPHONE*<br \/>\n<span class=\"wpcf7-form-control-wrap\" data-name=\"your-telephone\"><input size=\"40\" class=\"wpcf7-form-control wpcf7-text wpcf7-validates-as-required\" aria-required=\"true\" aria-invalid=\"false\" value=\"\" type=\"text\" name=\"your-telephone\" \/><\/span> <\/label>\n\t\t<\/p>\n\t<\/div>\n\t<div class=\"col-md-6 form-group\">\n\t\t<p><label>EMAIL*<br \/>\n<span class=\"wpcf7-form-control-wrap\" data-name=\"your-email\"><input size=\"40\" class=\"wpcf7-form-control wpcf7-text wpcf7-validates-as-required\" aria-required=\"true\" aria-invalid=\"false\" value=\"\" type=\"text\" name=\"your-email\" \/><\/span> <\/label>\n\t\t<\/p>\n\t<\/div>\n\t<p><span class=\"wpcf7-form-control-wrap\" data-name=\"privacy\"><span class=\"wpcf7-form-control wpcf7-checkbox wpcf7-validates-as-required\"><span class=\"wpcf7-list-item first last\"><input type=\"checkbox\" name=\"privacy[]\" value=\"I have read the information and authorize the processing of data as stated in the\" \/><span class=\"wpcf7-list-item-label\">I have read the information and authorize the processing of data as stated in the<\/span><\/span><\/span><\/span><a href=\"\/en\/privacy-policy\" target=\"_blank\">Privacy policy<\/a><br \/>\n<span class=\"wpcf7-form-control-wrap\" data-name=\"marketing\"><span class=\"wpcf7-form-control wpcf7-checkbox\"><span class=\"wpcf7-list-item first last\"><input type=\"checkbox\" name=\"marketing[]\" value=\"I authorize the sending of commercial communications (optional)\" \/><span class=\"wpcf7-list-item-label\">I authorize the sending of commercial communications (optional)<\/span><\/span><\/span><\/span>\n\t<\/p>\n\t<div class=\"col-md-12\">\n\t\t<p><input class=\"wpcf7-form-control wpcf7-submit has-spinner butn-dark\" type=\"submit\" value=\"Send now\" \/>\n\t\t<\/p>\n\t<\/div>\n<\/div><div class=\"wpcf7-response-output\" aria-hidden=\"true\"><\/div>\n<\/form>\n<\/div>\n<\/div>\n\t\t\t\t<\/div>\n\t\t\t\t<\/div>\n\t\t\t\t\t<\/div>\n\t\t<\/div>\n\t\t\t\t\t\t\t<\/div>\n\t\t<\/section>\n\t\t\t\t\t\t\t<\/div>\n\t\t","protected":false},"excerpt":{"rendered":"<p>Give a gift of \u2018Taste Surprise your loved ones by treating them to a food and wine experience, dinner or tasting. Fill in the form and together we will create the package that best suits your needs! GIFT CARD<\/p>\n","protected":false},"author":1,"featured_media":0,"parent":0,"menu_order":0,"comment_status":"closed","ping_status":"closed","template":"page-templates\/home.php","meta":{"footnotes":""},"class_list":["post-9528","page","type-page","status-publish","hentry"],"yoast_head":"<!-- This site is optimized with the Yoast SEO plugin v21.6 - https:\/\/yoast.com\/wordpress\/plugins\/seo\/ -->\n<title>Gift Card - Cantina V\u00e8ra<\/title>\n<meta name=\"description\" content=\"Contact Cantina V\u00e8ra Eno Bistr\u00f2 at +39 349 2955121 or write to cantinaveraorvieto@gmail.com. We are in Via Duomo 36-38, Orvieto (TR).\" \/>\n<meta name=\"robots\" content=\"index, follow, max-snippet:-1, max-image-preview:large, max-video-preview:-1\" \/>\n<link rel=\"canonical\" href=\"https:\/\/www.cantinaveraorvieto.it\/gift-card\/\" \/>\n<meta property=\"og:locale\" content=\"en_US\" \/>\n<meta property=\"og:type\" content=\"article\" \/>\n<meta property=\"og:title\" content=\"Gift Card - Cantina V\u00e8ra\" \/>\n<meta property=\"og:description\" content=\"Contact Cantina V\u00e8ra Eno Bistr\u00f2 at +39 349 2955121 or write to cantinaveraorvieto@gmail.com. We are in Via Duomo 36-38, Orvieto (TR).\" \/>\n<meta property=\"og:url\" content=\"https:\/\/www.cantinaveraorvieto.it\/gift-card\/\" \/>\n<meta property=\"og:site_name\" content=\"Cantina V\u00e8ra\" \/>\n<meta property=\"article:publisher\" content=\"https:\/\/www.facebook.com\/CantinaVeraEnoBistro\/\" \/>\n<meta property=\"article:modified_time\" content=\"2024-12-04T13:54:23+00:00\" \/>\n<meta property=\"og:image\" content=\"https:\/\/www.cantinaveraorvieto.it\/wp-content\/uploads\/2024\/12\/cantina.png\" \/>\n<meta name=\"twitter:card\" content=\"summary_large_image\" \/>\n<meta name=\"twitter:label1\" content=\"Est. reading time\" \/>\n\t<meta name=\"twitter:data1\" content=\"1 minute\" \/>\n<script type=\"application\/ld+json\" class=\"yoast-schema-graph\">{\"@context\":\"https:\/\/schema.org\",\"@graph\":[{\"@type\":\"WebPage\",\"@id\":\"https:\/\/www.cantinaveraorvieto.it\/gift-card\/\",\"url\":\"https:\/\/www.cantinaveraorvieto.it\/gift-card\/\",\"name\":\"Gift Card - Cantina V\u00e8ra\",\"isPartOf\":{\"@id\":\"https:\/\/www.cantinaveraorvieto.it\/#website\"},\"datePublished\":\"2024-11-15T17:47:10+00:00\",\"dateModified\":\"2024-12-04T13:54:23+00:00\",\"description\":\"Contact Cantina V\u00e8ra Eno Bistr\u00f2 at +39 349 2955121 or write to cantinaveraorvieto@gmail.com. We are in Via Duomo 36-38, Orvieto (TR).\",\"breadcrumb\":{\"@id\":\"https:\/\/www.cantinaveraorvieto.it\/gift-card\/#breadcrumb\"},\"inLanguage\":\"en-US\",\"potentialAction\":[{\"@type\":\"ReadAction\",\"target\":[\"https:\/\/www.cantinaveraorvieto.it\/gift-card\/\"]}]},{\"@type\":\"BreadcrumbList\",\"@id\":\"https:\/\/www.cantinaveraorvieto.it\/gift-card\/#breadcrumb\",\"itemListElement\":[{\"@type\":\"ListItem\",\"position\":1,\"name\":\"Home\",\"item\":\"https:\/\/www.cantinaveraorvieto.it\/en\/\"},{\"@type\":\"ListItem\",\"position\":2,\"name\":\"Gift Card\"}]},{\"@type\":\"WebSite\",\"@id\":\"https:\/\/www.cantinaveraorvieto.it\/#website\",\"url\":\"https:\/\/www.cantinaveraorvieto.it\/\",\"name\":\"Cantina V\u00e8ra\",\"description\":\"\",\"publisher\":{\"@id\":\"https:\/\/www.cantinaveraorvieto.it\/#organization\"},\"potentialAction\":[{\"@type\":\"SearchAction\",\"target\":{\"@type\":\"EntryPoint\",\"urlTemplate\":\"https:\/\/www.cantinaveraorvieto.it\/?s={search_term_string}\"},\"query-input\":\"required name=search_term_string\"}],\"inLanguage\":\"en-US\"},{\"@type\":\"Organization\",\"@id\":\"https:\/\/www.cantinaveraorvieto.it\/#organization\",\"name\":\"Cantina V\u00e8ra\",\"url\":\"https:\/\/www.cantinaveraorvieto.it\/\",\"logo\":{\"@type\":\"ImageObject\",\"inLanguage\":\"en-US\",\"@id\":\"https:\/\/www.cantinaveraorvieto.it\/#\/schema\/logo\/image\/\",\"url\":\"http:\/\/www.cantinaveraorvieto.it\/wp-content\/uploads\/2023\/10\/logo-cantina-vera-4-diversi.jpg\",\"contentUrl\":\"http:\/\/www.cantinaveraorvieto.it\/wp-content\/uploads\/2023\/10\/logo-cantina-vera-4-diversi.jpg\",\"width\":600,\"height\":123,\"caption\":\"Cantina V\u00e8ra\"},\"image\":{\"@id\":\"https:\/\/www.cantinaveraorvieto.it\/#\/schema\/logo\/image\/\"},\"sameAs\":[\"https:\/\/www.facebook.com\/CantinaVeraEnoBistro\/\",\"https:\/\/www.instagram.com\/cantinavera_orvieto\/\"]}]}<\/script>\n<!-- \/ Yoast SEO plugin. -->","yoast_head_json":{"title":"Gift Card - Cantina V\u00e8ra","description":"Contact Cantina V\u00e8ra Eno Bistr\u00f2 at +39 349 2955121 or write to cantinaveraorvieto@gmail.com. We are in Via Duomo 36-38, Orvieto (TR).","robots":{"index":"index","follow":"follow","max-snippet":"max-snippet:-1","max-image-preview":"max-image-preview:large","max-video-preview":"max-video-preview:-1"},"canonical":"https:\/\/www.cantinaveraorvieto.it\/gift-card\/","og_locale":"en_US","og_type":"article","og_title":"Gift Card - Cantina V\u00e8ra","og_description":"Contact Cantina V\u00e8ra Eno Bistr\u00f2 at +39 349 2955121 or write to cantinaveraorvieto@gmail.com. We are in Via Duomo 36-38, Orvieto (TR).","og_url":"https:\/\/www.cantinaveraorvieto.it\/gift-card\/","og_site_name":"Cantina V\u00e8ra","article_publisher":"https:\/\/www.facebook.com\/CantinaVeraEnoBistro\/","article_modified_time":"2024-12-04T13:54:23+00:00","og_image":[{"url":"https:\/\/www.cantinaveraorvieto.it\/wp-content\/uploads\/2024\/12\/cantina.png"}],"twitter_card":"summary_large_image","twitter_misc":{"Est. reading time":"1 minute"},"schema":{"@context":"https:\/\/schema.org","@graph":[{"@type":"WebPage","@id":"https:\/\/www.cantinaveraorvieto.it\/gift-card\/","url":"https:\/\/www.cantinaveraorvieto.it\/gift-card\/","name":"Gift Card - Cantina V\u00e8ra","isPartOf":{"@id":"https:\/\/www.cantinaveraorvieto.it\/#website"},"datePublished":"2024-11-15T17:47:10+00:00","dateModified":"2024-12-04T13:54:23+00:00","description":"Contact Cantina V\u00e8ra Eno Bistr\u00f2 at +39 349 2955121 or write to cantinaveraorvieto@gmail.com. We are in Via Duomo 36-38, Orvieto (TR).","breadcrumb":{"@id":"https:\/\/www.cantinaveraorvieto.it\/gift-card\/#breadcrumb"},"inLanguage":"en-US","potentialAction":[{"@type":"ReadAction","target":["https:\/\/www.cantinaveraorvieto.it\/gift-card\/"]}]},{"@type":"BreadcrumbList","@id":"https:\/\/www.cantinaveraorvieto.it\/gift-card\/#breadcrumb","itemListElement":[{"@type":"ListItem","position":1,"name":"Home","item":"https:\/\/www.cantinaveraorvieto.it\/en\/"},{"@type":"ListItem","position":2,"name":"Gift Card"}]},{"@type":"WebSite","@id":"https:\/\/www.cantinaveraorvieto.it\/#website","url":"https:\/\/www.cantinaveraorvieto.it\/","name":"Cantina V\u00e8ra","description":"","publisher":{"@id":"https:\/\/www.cantinaveraorvieto.it\/#organization"},"potentialAction":[{"@type":"SearchAction","target":{"@type":"EntryPoint","urlTemplate":"https:\/\/www.cantinaveraorvieto.it\/?s={search_term_string}"},"query-input":"required name=search_term_string"}],"inLanguage":"en-US"},{"@type":"Organization","@id":"https:\/\/www.cantinaveraorvieto.it\/#organization","name":"Cantina V\u00e8ra","url":"https:\/\/www.cantinaveraorvieto.it\/","logo":{"@type":"ImageObject","inLanguage":"en-US","@id":"https:\/\/www.cantinaveraorvieto.it\/#\/schema\/logo\/image\/","url":"http:\/\/www.cantinaveraorvieto.it\/wp-content\/uploads\/2023\/10\/logo-cantina-vera-4-diversi.jpg","contentUrl":"http:\/\/www.cantinaveraorvieto.it\/wp-content\/uploads\/2023\/10\/logo-cantina-vera-4-diversi.jpg","width":600,"height":123,"caption":"Cantina V\u00e8ra"},"image":{"@id":"https:\/\/www.cantinaveraorvieto.it\/#\/schema\/logo\/image\/"},"sameAs":["https:\/\/www.facebook.com\/CantinaVeraEnoBistro\/","https:\/\/www.instagram.com\/cantinavera_orvieto\/"]}]}},"_links":{"self":[{"href":"https:\/\/www.cantinaveraorvieto.it\/en\/wp-json\/wp\/v2\/pages\/9528","targetHints":{"allow":["GET"]}}],"collection":[{"href":"https:\/\/www.cantinaveraorvieto.it\/en\/wp-json\/wp\/v2\/pages"}],"about":[{"href":"https:\/\/www.cantinaveraorvieto.it\/en\/wp-json\/wp\/v2\/types\/page"}],"author":[{"embeddable":true,"href":"https:\/\/www.cantinaveraorvieto.it\/en\/wp-json\/wp\/v2\/users\/1"}],"replies":[{"embeddable":true,"href":"https:\/\/www.cantinaveraorvieto.it\/en\/wp-json\/wp\/v2\/comments?post=9528"}],"version-history":[{"count":18,"href":"https:\/\/www.cantinaveraorvieto.it\/en\/wp-json\/wp\/v2\/pages\/9528\/revisions"}],"predecessor-version":[{"id":10031,"href":"https:\/\/www.cantinaveraorvieto.it\/en\/wp-json\/wp\/v2\/pages\/9528\/revisions\/10031"}],"wp:attachment":[{"href":"https:\/\/www.cantinaveraorvieto.it\/en\/wp-json\/wp\/v2\/media?parent=9528"}],"curies":[{"name":"wp","href":"https:\/\/api.w.org\/{rel}","templated":true}]}}